{"id":13,"date":"2023-02-12T18:08:50","date_gmt":"2023-02-12T18:08:50","guid":{"rendered":"https:\/\/sebastian.die-zeitlosen-zwickau.de\/?page_id=13"},"modified":"2023-04-05T19:20:28","modified_gmt":"2023-04-05T19:20:28","slug":"ueber-mich","status":"publish","type":"page","link":"https:\/\/www.piano-of-interest.de\/?page_id=13","title":{"rendered":"\u00dcber mich"},"content":{"rendered":"\n<div class=\"wp-block-columns is-layout-flex wp-container-core-columns-is-layout-28f84493 wp-block-columns-is-layout-flex\">\n<div class=\"wp-block-column is-layout-flow wp-block-column-is-layout-flow\">\n<p>Klavierunterricht seit dem 10. Lebensjahr an der Clara-Wieck-Musikschule Werdau<\/p>\n\n\n\n<p>Hervorragender Abschluss im Hauptfach Klavier an der Martin-Luther-Universit\u00e4t Halle-Wittenberg<\/p>\n\n\n\n<p>Examinierter Musikp\u00e4dagoge<\/p>\n\n\n\n<p>In allen Musikgenres, in Praxis und Theorie ausgebildet<\/p>\n\n\n\n<p>Auftritte mit Uschi Br\u00fcning, Luten Petrowski, Edo Zanki<\/p>\n\n\n\n<p>seit 2019 privater Klavierlehrer<\/p>\n\n\n\n<p>Pianist der Young People Bigband Crimmitschau<\/p>\n\n\n\n<p>Pianist des Duos &#8222;Die Zeitlosen&#8220;<\/p>\n\n\n\n<p>Veranstalter von &#8222;Klavier plus&#8230;&#8220;<\/p>\n<\/div>\n\n\n\n<div class=\"wp-block-column is-layout-flow wp-block-column-is-layout-flow\">\n<figure class=\"wp-block-image size-large\"><img loading=\"lazy\" decoding=\"async\" width=\"683\" height=\"1024\" src=\"https:\/\/www.piano-of-interest.de\/wp-content\/uploads\/2023\/04\/IMG_0230-683x1024.jpg\" alt=\"\" class=\"wp-image-132\" srcset=\"https:\/\/www.piano-of-interest.de\/wp-content\/uploads\/2023\/04\/IMG_0230-683x1024.jpg 683w, https:\/\/www.piano-of-interest.de\/wp-content\/uploads\/2023\/04\/IMG_0230-200x300.jpg 200w, https:\/\/www.piano-of-interest.de\/wp-content\/uploads\/2023\/04\/IMG_0230-768x1152.jpg 768w, https:\/\/www.piano-of-interest.de\/wp-content\/uploads\/2023\/04\/IMG_0230-1024x1536.jpg 1024w, https:\/\/www.piano-of-interest.de\/wp-content\/uploads\/2023\/04\/IMG_0230-1365x2048.jpg 1365w, https:\/\/www.piano-of-interest.de\/wp-content\/uploads\/2023\/04\/IMG_0230-scaled.jpg 1707w\" sizes=\"auto, (max-width: 683px) 100vw, 683px\" \/><\/figure>\n<\/div>\n<\/div>\n\n\n\n<div class=\"wp-block-media-text alignwide is-stacked-on-mobile\"><figure class=\"wp-block-media-text__media\"><img loading=\"lazy\" decoding=\"async\" width=\"1024\" height=\"717\" src=\"https:\/\/www.piano-of-interest.de\/wp-content\/uploads\/2023\/02\/Mias-Bild-1024x717.jpg\" alt=\"\" class=\"wp-image-71 size-full\" srcset=\"https:\/\/www.piano-of-interest.de\/wp-content\/uploads\/2023\/02\/Mias-Bild-1024x717.jpg 1024w, https:\/\/www.piano-of-interest.de\/wp-content\/uploads\/2023\/02\/Mias-Bild-300x210.jpg 300w, https:\/\/www.piano-of-interest.de\/wp-content\/uploads\/2023\/02\/Mias-Bild-768x538.jpg 768w, https:\/\/www.piano-of-interest.de\/wp-content\/uploads\/2023\/02\/Mias-Bild-1536x1075.jpg 1536w, https:\/\/www.piano-of-interest.de\/wp-content\/uploads\/2023\/02\/Mias-Bild-2048x1434.jpg 2048w\" sizes=\"auto, (max-width: 1024px) 100vw, 1024px\" \/><\/figure><div class=\"wp-block-media-text__content\">\n<h3 class=\"wp-block-heading\">Ganz meine Meinung&#8230;<\/h3>\n\n\n\n<p><br>\u201eKlavierspiel besteht aus Vernunft, Herz und technischen Mitteln. Alles sollte gleicherma\u00dfen entwickelt sein. Ohne Vernunft sind Sie ein Fiasko, ohne Technik ein Amateur, ohne Herz eine Maschine.\u201c&nbsp;<em>Vladimir Horowitz<br><br><br><\/em>\u201eKinder sind G\u00e4ste, die nach dem Weg fragen.\u201c<br><em>Maria Montessori<\/em><br><br><br>\u201eDie Statue ist schon im Stein, ich befreie sie nur.&#8220;<br><em>Michelangelo<\/em><\/p>\n<\/div><\/div>\n","protected":false},"excerpt":{"rendered":"<p>Klavierunterricht seit dem 10. Lebensjahr an der Clara-Wieck-Musikschule Werdau Hervorragender Abschluss im Hauptfach Klavier an der Martin-Luther-Universit\u00e4t Halle-Wittenberg Examinierter Musikp\u00e4dagoge In allen Musikgenres, in Praxis und Theorie ausgebildet Auftritte mit Uschi Br\u00fcning, Luten Petrowski, Edo Zanki seit 2019 privater Klavierlehrer Pianist der Young People Bigband Crimmitschau Pianist des Duos &#8222;Die Zeitlosen&#8220; Veranstalter von &#8222;Klavier plus&#8230;&#8220; [&hellip;]<\/p>\n","protected":false},"author":1,"featured_media":0,"parent":0,"menu_order":0,"comment_status":"closed","ping_status":"closed","template":"","meta":{"footnotes":""},"class_list":["post-13","page","type-page","status-publish","hentry"],"_links":{"self":[{"href":"https:\/\/www.piano-of-interest.de\/index.php?rest_route=\/wp\/v2\/pages\/13","targetHints":{"allow":["GET"]}}],"collection":[{"href":"https:\/\/www.piano-of-interest.de\/index.php?rest_route=\/wp\/v2\/pages"}],"about":[{"href":"https:\/\/www.piano-of-interest.de\/index.php?rest_route=\/wp\/v2\/types\/page"}],"author":[{"embeddable":true,"href":"https:\/\/www.piano-of-interest.de\/index.php?rest_route=\/wp\/v2\/users\/1"}],"replies":[{"embeddable":true,"href":"https:\/\/www.piano-of-interest.de\/index.php?rest_route=%2Fwp%2Fv2%2Fcomments&post=13"}],"version-history":[{"count":7,"href":"https:\/\/www.piano-of-interest.de\/index.php?rest_route=\/wp\/v2\/pages\/13\/revisions"}],"predecessor-version":[{"id":160,"href":"https:\/\/www.piano-of-interest.de\/index.php?rest_route=\/wp\/v2\/pages\/13\/revisions\/160"}],"wp:attachment":[{"href":"https:\/\/www.piano-of-interest.de\/index.php?rest_route=%2Fwp%2Fv2%2Fmedia&parent=13"}],"curies":[{"name":"wp","href":"https:\/\/api.w.org\/{rel}","templated":true}]}}