{"id":15,"date":"2023-02-12T18:09:02","date_gmt":"2023-02-12T18:09:02","guid":{"rendered":"https:\/\/sebastian.die-zeitlosen-zwickau.de\/?page_id=15"},"modified":"2023-04-05T19:31:18","modified_gmt":"2023-04-05T19:31:18","slug":"leistungen","status":"publish","type":"page","link":"https:\/\/www.piano-of-interest.de\/?page_id=15","title":{"rendered":"Leistungen"},"content":{"rendered":"\n<div class=\"wp-block-media-text alignwide has-media-on-the-right is-stacked-on-mobile\"><div class=\"wp-block-media-text__content\">\n<h2 class=\"wp-block-heading\">Pianist, Gesang und Klavierbegleitung<\/h2>\n\n\n\n<h3 class=\"wp-block-heading\">Sie k\u00f6nnen mich buchen:<\/h3>\n\n\n\n<ul class=\"wp-block-list\">\n<li>f\u00fcr Ihre ganz pers\u00f6nliche Idee<\/li>\n<\/ul>\n\n\n\n<ul class=\"wp-block-list\">\n<li>als stilvolle Untermalung f\u00fcr Hochzeiten und Feiern<\/li>\n<\/ul>\n\n\n\n<ul class=\"wp-block-list\">\n<li>als Begleitung f\u00fcr Ch\u00f6re, Bands und Solisten<\/li>\n<\/ul>\n\n\n\n<p><br><br>Preise f\u00fcr Buchungen sind abh\u00e4ngig von Anlass und Aufwand und werden nach Absprache festgelegt.<\/p>\n<\/div><figure class=\"wp-block-media-text__media\"><img loading=\"lazy\" decoding=\"async\" width=\"683\" height=\"1024\" src=\"https:\/\/www.piano-of-interest.de\/wp-content\/uploads\/2023\/02\/ich-683x1024.jpg\" alt=\"\" class=\"wp-image-74 size-full\" srcset=\"https:\/\/www.piano-of-interest.de\/wp-content\/uploads\/2023\/02\/ich-683x1024.jpg 683w, https:\/\/www.piano-of-interest.de\/wp-content\/uploads\/2023\/02\/ich-200x300.jpg 200w, https:\/\/www.piano-of-interest.de\/wp-content\/uploads\/2023\/02\/ich-768x1152.jpg 768w, https:\/\/www.piano-of-interest.de\/wp-content\/uploads\/2023\/02\/ich-1024x1536.jpg 1024w, https:\/\/www.piano-of-interest.de\/wp-content\/uploads\/2023\/02\/ich-1365x2048.jpg 1365w, https:\/\/www.piano-of-interest.de\/wp-content\/uploads\/2023\/02\/ich-scaled.jpg 1707w\" sizes=\"auto, (max-width: 683px) 100vw, 683px\" \/><\/figure><\/div>\n\n\n\n<hr class=\"wp-block-separator has-alpha-channel-opacity\"\/>\n\n\n\n<div class=\"wp-block-media-text alignwide is-stacked-on-mobile\"><figure class=\"wp-block-media-text__media\"><img loading=\"lazy\" decoding=\"async\" width=\"683\" height=\"1024\" src=\"https:\/\/www.piano-of-interest.de\/wp-content\/uploads\/2023\/02\/Klavierfoto-683x1024.jpg\" alt=\"\" class=\"wp-image-75 size-full\" srcset=\"https:\/\/www.piano-of-interest.de\/wp-content\/uploads\/2023\/02\/Klavierfoto-683x1024.jpg 683w, https:\/\/www.piano-of-interest.de\/wp-content\/uploads\/2023\/02\/Klavierfoto-200x300.jpg 200w, https:\/\/www.piano-of-interest.de\/wp-content\/uploads\/2023\/02\/Klavierfoto-768x1152.jpg 768w, https:\/\/www.piano-of-interest.de\/wp-content\/uploads\/2023\/02\/Klavierfoto-1024x1536.jpg 1024w, https:\/\/www.piano-of-interest.de\/wp-content\/uploads\/2023\/02\/Klavierfoto-1366x2048.jpg 1366w, https:\/\/www.piano-of-interest.de\/wp-content\/uploads\/2023\/02\/Klavierfoto-scaled.jpg 1707w\" sizes=\"auto, (max-width: 683px) 100vw, 683px\" \/><\/figure><div class=\"wp-block-media-text__content\">\n<h2 class=\"wp-block-heading\">Klavierunterricht<\/h2>\n\n\n\n<ul class=\"wp-block-list\">\n<li>Liedbegleitungen nach Akkorden, nach Noten, nach Geh\u00f6r<\/li>\n<\/ul>\n\n\n\n<ul class=\"wp-block-list\">\n<li>Modern Piano: Rock, Pop, Jazz,&nbsp; Gospel, Funk<\/li>\n<\/ul>\n\n\n\n<ul class=\"wp-block-list\">\n<li>Literatur des Barock, der Klassik, der Romantik, der Nationalen Schulen, des Impressionismus<\/li>\n<\/ul>\n\n\n\n<ul class=\"wp-block-list\">\n<li>Prima-vista-Spiel (unbekannte Werke sofort spielen k\u00f6nnen)<\/li>\n<\/ul>\n\n\n\n<ul class=\"wp-block-list\">\n<li>Freies Musizieren ohne Noten (Improvisation)<\/li>\n<\/ul>\n\n\n\n<ul class=\"wp-block-list\">\n<li>Musiktheorie und -praxis<\/li>\n<\/ul>\n\n\n\n<ul class=\"wp-block-list\">\n<li>Vorbereitung auf Aufnahme- und Eignungspr\u00fcfungen<\/li>\n<\/ul>\n\n\n\n<ul class=\"wp-block-list\">\n<li>Kompositionsgrundlagen<\/li>\n<\/ul>\n<\/div><\/div>\n\n\n\n<hr class=\"wp-block-separator has-alpha-channel-opacity\"\/>\n\n\n\n<h3 class=\"wp-block-heading has-text-align-center\">Probeunterricht<\/h3>\n\n\n\n<h3 class=\"wp-block-heading has-text-align-center\">Der erste, unverbindliche Probeunterricht (30 min) ist kostenlos.<\/h3>\n\n\n\n<hr class=\"wp-block-separator has-alpha-channel-opacity\"\/>\n\n\n\n<h2 class=\"wp-block-heading\">Transkription<\/h2>\n\n\n\n<p>= Das Heraush\u00f6ren und Niederschreiben von Musik in Notenform oder Begleitakkorden<br><br>Sie finden keine geeigneten Noten f\u00fcr ein St\u00fcck, welches Sie gern privat spielen wollen? Sie wollen ein cooles oder seri\u00f6ses Arrangement eines Werkes? Vielleicht sogar mit einer eher ungew\u00f6hnlichen Besetzung? Gedruckt oder doch als Pdf?<br><br>Fragen Sie gern nach!&nbsp;<br><br>Preise f\u00fcr Transkriptionen und Arrangements variieren stark und werden nach Absprache festgelegt. (F\u00fcr Sch\u00fcler bei verh\u00e4ltnism\u00e4\u00dfigem Aufwand inklusive.)<\/p>\n\n\n\n<hr class=\"wp-block-separator has-alpha-channel-opacity\"\/>\n\n\n\n<div class=\"wp-block-columns is-layout-flex wp-container-core-columns-is-layout-28f84493 wp-block-columns-is-layout-flex\">\n<div class=\"wp-block-column is-layout-flow wp-block-column-is-layout-flow\" style=\"flex-basis:33.33%\">\n<figure class=\"wp-block-gallery has-nested-images columns-default is-cropped wp-block-gallery-1 is-layout-flex wp-block-gallery-is-layout-flex\">\n<figure class=\"wp-block-image size-large\"><img loading=\"lazy\" decoding=\"async\" width=\"768\" height=\"1024\" data-id=\"76\" src=\"https:\/\/www.piano-of-interest.de\/wp-content\/uploads\/2023\/02\/Preisefoto-768x1024.jpg\" alt=\"\" class=\"wp-image-76\" srcset=\"https:\/\/www.piano-of-interest.de\/wp-content\/uploads\/2023\/02\/Preisefoto-768x1024.jpg 768w, https:\/\/www.piano-of-interest.de\/wp-content\/uploads\/2023\/02\/Preisefoto-225x300.jpg 225w, https:\/\/www.piano-of-interest.de\/wp-content\/uploads\/2023\/02\/Preisefoto-1152x1536.jpg 1152w, https:\/\/www.piano-of-interest.de\/wp-content\/uploads\/2023\/02\/Preisefoto-1536x2048.jpg 1536w, https:\/\/www.piano-of-interest.de\/wp-content\/uploads\/2023\/02\/Preisefoto-scaled.jpg 1920w\" sizes=\"auto, (max-width: 768px) 100vw, 768px\" \/><\/figure>\n<\/figure>\n<\/div>\n\n\n\n<div class=\"wp-block-column is-layout-flow wp-block-column-is-layout-flow\" style=\"flex-basis:66.66%\">\n<h3 class=\"wp-block-heading\">Vertrag<\/h3>\n\n\n\n<p>Vertraglicher Unterricht findet w\u00f6chentlich zur selben Uhrzeit statt, grunds\u00e4tzlich auch in den Ferien und an gesetzlichen Feiertagen. Die Bezahlung erfolgt am Monatsende. Bezahlt werden nur tats\u00e4chlich abgehaltene Unterrichtsstunden.<br>Die K\u00fcndigungsfrist f\u00fcr Vertr\u00e4ge betr\u00e4gt 4 Wochen ab schriftlicher Mitteilung.<\/p>\n<\/div>\n<\/div>\n\n\n\n<div class=\"wp-block-columns is-layout-flex wp-container-core-columns-is-layout-28f84493 wp-block-columns-is-layout-flex\">\n<div class=\"wp-block-column is-layout-flow wp-block-column-is-layout-flow\" style=\"flex-basis:33.33%\">\n<figure class=\"wp-block-image size-full\"><img loading=\"lazy\" decoding=\"async\" width=\"238\" height=\"239\" src=\"https:\/\/www.piano-of-interest.de\/wp-content\/uploads\/2023\/02\/gutschein.jpg\" alt=\"\" class=\"wp-image-77\" srcset=\"https:\/\/www.piano-of-interest.de\/wp-content\/uploads\/2023\/02\/gutschein.jpg 238w, https:\/\/www.piano-of-interest.de\/wp-content\/uploads\/2023\/02\/gutschein-150x150.jpg 150w\" sizes=\"auto, (max-width: 238px) 100vw, 238px\" \/><\/figure>\n<\/div>\n\n\n\n<div class=\"wp-block-column is-layout-flow wp-block-column-is-layout-flow\" style=\"flex-basis:66.66%\">\n<h3 class=\"wp-block-heading\">Gutschein &#8211; zum Verschenken und selbst nutzen<\/h3>\n\n\n\n<p>Diese Unterrichtsstunden werden vorab bezahlt. Sie sind etwas teurer, k\u00f6nnen jedoch zeitlich wesentlich flexibler eingel\u00f6st werden.<\/p>\n\n\n\n<p>Nach \u00a7 19 Abs. 1 UStG wird keine Umsatzsteuer berechnet.<\/p>\n<\/div>\n<\/div>\n","protected":false},"excerpt":{"rendered":"<p>Probeunterricht Der erste, unverbindliche Probeunterricht (30 min) ist kostenlos. Transkription = Das Heraush\u00f6ren und Niederschreiben von Musik in Notenform oder Begleitakkorden Sie finden keine geeigneten Noten f\u00fcr ein St\u00fcck, welches Sie gern privat spielen wollen? Sie wollen ein cooles oder seri\u00f6ses Arrangement eines Werkes? Vielleicht sogar mit einer eher ungew\u00f6hnlichen Besetzung? Gedruckt oder doch als [&hellip;]<\/p>\n","protected":false},"author":1,"featured_media":0,"parent":0,"menu_order":0,"comment_status":"closed","ping_status":"closed","template":"","meta":{"footnotes":""},"class_list":["post-15","page","type-page","status-publish","hentry"],"_links":{"self":[{"href":"https:\/\/www.piano-of-interest.de\/index.php?rest_route=\/wp\/v2\/pages\/15","targetHints":{"allow":["GET"]}}],"collection":[{"href":"https:\/\/www.piano-of-interest.de\/index.php?rest_route=\/wp\/v2\/pages"}],"about":[{"href":"https:\/\/www.piano-of-interest.de\/index.php?rest_route=\/wp\/v2\/types\/page"}],"author":[{"embeddable":true,"href":"https:\/\/www.piano-of-interest.de\/index.php?rest_route=\/wp\/v2\/users\/1"}],"replies":[{"embeddable":true,"href":"https:\/\/www.piano-of-interest.de\/index.php?rest_route=%2Fwp%2Fv2%2Fcomments&post=15"}],"version-history":[{"count":3,"href":"https:\/\/www.piano-of-interest.de\/index.php?rest_route=\/wp\/v2\/pages\/15\/revisions"}],"predecessor-version":[{"id":167,"href":"https:\/\/www.piano-of-interest.de\/index.php?rest_route=\/wp\/v2\/pages\/15\/revisions\/167"}],"wp:attachment":[{"href":"https:\/\/www.piano-of-interest.de\/index.php?rest_route=%2Fwp%2Fv2%2Fmedia&parent=15"}],"curies":[{"name":"wp","href":"https:\/\/api.w.org\/{rel}","templated":true}]}}