{"id":17,"date":"2023-02-12T18:09:20","date_gmt":"2023-02-12T18:09:20","guid":{"rendered":"https:\/\/sebastian.die-zeitlosen-zwickau.de\/?page_id=17"},"modified":"2023-04-05T19:33:24","modified_gmt":"2023-04-05T19:33:24","slug":"fragen-antworten","status":"publish","type":"page","link":"https:\/\/www.piano-of-interest.de\/?page_id=17","title":{"rendered":"Fragen &#038; Antworten"},"content":{"rendered":"\n<div class=\"wp-block-columns is-layout-flex wp-container-core-columns-is-layout-28f84493 wp-block-columns-is-layout-flex\">\n<div class=\"wp-block-column is-layout-flow wp-block-column-is-layout-flow\">\n<h3 class=\"wp-block-heading\">Wo findet der Unterricht statt?<\/h3>\n\n\n\n<p>Der Unterricht kann sowohl bei Ihnen (als haushaltsnahe Dienstleistung steuerlich absetzbar) als auch bei mir stattfinden. <br>Eine gute M\u00f6glichkeit bietet mein Unterrichtsraum beim Pianohaus Bayer in der Leipziger Stra\u00dfe 20, 08056 Zwickau.<br><a href=\"https:\/\/www.piano-bayer.de\/\">https:\/\/www.piano-bayer.de\/<\/a><br><\/p>\n\n\n\n<h3 class=\"wp-block-heading\">Wie oft sollte ich Unterricht nehmen?<\/h3>\n\n\n\n<p>W\u00f6chentliche Unterrichtseinheiten haben sich bew\u00e4hrt, doch bei ausreichender Motivation und Zeit zum \u00dcben sind auch zwei Unterrichtseinheiten pro Woche sinnvoll, etwa montags und freitags. Wer bereits einen vollen Terminkalender hat, f\u00fcr den ist ein Gutschein mit frei w\u00e4hlbaren Unterrichtsterminen eine gute Alternative.<\/p>\n<\/div>\n\n\n\n<div class=\"wp-block-column is-layout-flow wp-block-column-is-layout-flow\">\n<h3 class=\"wp-block-heading\">Ist ein eigenes Instrument notwendig?<\/h3>\n\n\n\n<p>Um regelm\u00e4\u00dfig \u00fcben zu k\u00f6nnen, ist ein eigenes, gutes Instrument nahezu unerl\u00e4sslich. Falls Sie pers\u00f6nlich noch kein Klavier oder Digital Piano besitzen, berate ich Sie gern beim anstehenden Kauf.<br><\/p>\n\n\n\n<h3 class=\"wp-block-heading\">\u00dcben? Muss das sein?<\/h3>\n\n\n\n<p>\u00dcbung macht den Meister. Ein \u201eMuss\u201c ist es zwar nicht, aber Kopf und Finger brauchen viel Routine. Auch an Tagen ohne \u00dcbezeit verarbeitet das Gehirn unterbewusst das Gelernte, doch wer t\u00e4glich \u00fcbt, kann wesentlich schneller Fortschritte erzielen.<\/p>\n<\/div>\n<\/div>\n","protected":false},"excerpt":{"rendered":"<p>Wo findet der Unterricht statt? Der Unterricht kann sowohl bei Ihnen (als haushaltsnahe Dienstleistung steuerlich absetzbar) als auch bei mir stattfinden. Eine gute M\u00f6glichkeit bietet mein Unterrichtsraum beim Pianohaus Bayer in der Leipziger Stra\u00dfe 20, 08056 Zwickau.https:\/\/www.piano-bayer.de\/ Wie oft sollte ich Unterricht nehmen? W\u00f6chentliche Unterrichtseinheiten haben sich bew\u00e4hrt, doch bei ausreichender Motivation und Zeit zum [&hellip;]<\/p>\n","protected":false},"author":1,"featured_media":0,"parent":0,"menu_order":0,"comment_status":"closed","ping_status":"closed","template":"","meta":{"footnotes":""},"class_list":["post-17","page","type-page","status-publish","hentry"],"_links":{"self":[{"href":"https:\/\/www.piano-of-interest.de\/index.php?rest_route=\/wp\/v2\/pages\/17","targetHints":{"allow":["GET"]}}],"collection":[{"href":"https:\/\/www.piano-of-interest.de\/index.php?rest_route=\/wp\/v2\/pages"}],"about":[{"href":"https:\/\/www.piano-of-interest.de\/index.php?rest_route=\/wp\/v2\/types\/page"}],"author":[{"embeddable":true,"href":"https:\/\/www.piano-of-interest.de\/index.php?rest_route=\/wp\/v2\/users\/1"}],"replies":[{"embeddable":true,"href":"https:\/\/www.piano-of-interest.de\/index.php?rest_route=%2Fwp%2Fv2%2Fcomments&post=17"}],"version-history":[{"count":5,"href":"https:\/\/www.piano-of-interest.de\/index.php?rest_route=\/wp\/v2\/pages\/17\/revisions"}],"predecessor-version":[{"id":169,"href":"https:\/\/www.piano-of-interest.de\/index.php?rest_route=\/wp\/v2\/pages\/17\/revisions\/169"}],"wp:attachment":[{"href":"https:\/\/www.piano-of-interest.de\/index.php?rest_route=%2Fwp%2Fv2%2Fmedia&parent=17"}],"curies":[{"name":"wp","href":"https:\/\/api.w.org\/{rel}","templated":true}]}}