{"id":95,"date":"2023-02-12T20:14:32","date_gmt":"2023-02-12T20:14:32","guid":{"rendered":"https:\/\/sebastian.die-zeitlosen-zwickau.de\/?page_id=95"},"modified":"2023-02-12T20:14:32","modified_gmt":"2023-02-12T20:14:32","slug":"impressum","status":"publish","type":"page","link":"https:\/\/www.piano-of-interest.de\/?page_id=95","title":{"rendered":"Impressum"},"content":{"rendered":"\n<p>Sebastian Wolf<\/p>\n\n\n\n<p>Poetenweg 11<\/p>\n\n\n\n<p>08056 Zwickau<\/p>\n\n\n\n<p>Tel.: 01523 &#8211; 6624711<\/p>\n\n\n\n<p><br><strong>Haftungsbeschr\u00e4nkung:<br><\/strong><\/p>\n\n\n\n<p>1. Inhalt des Onlineangebotes<\/p>\n\n\n\n<p><br>Der Autor \u00fcbernimmt keinerlei Gew\u00e4hr f\u00fcr die Aktualit\u00e4t, Korrektheit, Vollst\u00e4ndigkeit oder Qualit\u00e4t der bereitgestellten Informationen. Haftungsanspr\u00fcche gegen den Autor, welche sich auf Sch\u00e4den materieller oder ideeller Art beziehen, die durch die Nutzung oder Nichtnutzung der dargebotenen Informationen bzw. durch die Nutzung fehlerhafter und unvollst\u00e4ndiger Informationen verursacht wurden, sind grunds\u00e4tzlich ausgeschlossen, sofern seitens des Autors kein nachweislich vors\u00e4tzliches oder grob fahrl\u00e4ssiges Verschulden vorliegt.<\/p>\n\n\n\n<p>Alle Angebote sind freibleibend und unverbindlich. Der Autor beh\u00e4lt es sich ausdr\u00fccklich vor, Teile der Seiten oder das gesamte Angebot ohne gesonderte Ank\u00fcndigung zu ver\u00e4ndern, zu erg\u00e4nzen, zu l\u00f6schen oder die Ver\u00f6ffentlichung zeitweise oder endg\u00fcltig einzustellen.<br><\/p>\n\n\n\n<p>2. Rechtswirksamkeit dieses Haftungsausschlusses<br><br>Dieser Haftungsausschluss ist als Teil des Internetangebotes zu betrachten, von dem aus auf diese Seite verwiesen wurde. Sofern Teile oder einzelne Formulierungen dieses Textes der geltenden Rechtslage nicht, nicht mehr oder nicht vollst\u00e4ndig entsprechen sollten, bleiben die \u00fcbrigen Teile des Dokumentes in ihrem Inhalt und ihrer G\u00fcltigkeit davon unber\u00fchrt.<br><br><br>Bildnachweis:<br>Portr\u00e4tfoto (Home, \u00dcber mich) &#8211; Annabell Br\u00fcckner<br><a href=\"https:\/\/www.instagram.com\/_bella_1337\/\" target=\"_blank\" rel=\"noreferrer noopener\">https:\/\/www.instagram.com\/_bella_1337\/<\/a><br>Klavierfoto (\u00dcber mich) &#8211; Anne Hornemann Photographie<br><a href=\"https:\/\/www.annehornemann.de\/\">https:\/\/www.annehornemann.de\/<\/a><\/p>\n","protected":false},"excerpt":{"rendered":"<p>Sebastian Wolf Poetenweg 11 08056 Zwickau Tel.: 01523 &#8211; 6624711 Haftungsbeschr\u00e4nkung: 1. Inhalt des Onlineangebotes Der Autor \u00fcbernimmt keinerlei Gew\u00e4hr f\u00fcr die Aktualit\u00e4t, Korrektheit, Vollst\u00e4ndigkeit oder Qualit\u00e4t der bereitgestellten Informationen. Haftungsanspr\u00fcche gegen den Autor, welche sich auf Sch\u00e4den materieller oder ideeller Art beziehen, die durch die Nutzung oder Nichtnutzung der dargebotenen Informationen bzw. durch die [&hellip;]<\/p>\n","protected":false},"author":1,"featured_media":0,"parent":0,"menu_order":0,"comment_status":"closed","ping_status":"closed","template":"","meta":{"footnotes":""},"class_list":["post-95","page","type-page","status-publish","hentry"],"_links":{"self":[{"href":"https:\/\/www.piano-of-interest.de\/index.php?rest_route=\/wp\/v2\/pages\/95","targetHints":{"allow":["GET"]}}],"collection":[{"href":"https:\/\/www.piano-of-interest.de\/index.php?rest_route=\/wp\/v2\/pages"}],"about":[{"href":"https:\/\/www.piano-of-interest.de\/index.php?rest_route=\/wp\/v2\/types\/page"}],"author":[{"embeddable":true,"href":"https:\/\/www.piano-of-interest.de\/index.php?rest_route=\/wp\/v2\/users\/1"}],"replies":[{"embeddable":true,"href":"https:\/\/www.piano-of-interest.de\/index.php?rest_route=%2Fwp%2Fv2%2Fcomments&post=95"}],"version-history":[{"count":1,"href":"https:\/\/www.piano-of-interest.de\/index.php?rest_route=\/wp\/v2\/pages\/95\/revisions"}],"predecessor-version":[{"id":96,"href":"https:\/\/www.piano-of-interest.de\/index.php?rest_route=\/wp\/v2\/pages\/95\/revisions\/96"}],"wp:attachment":[{"href":"https:\/\/www.piano-of-interest.de\/index.php?rest_route=%2Fwp%2Fv2%2Fmedia&parent=95"}],"curies":[{"name":"wp","href":"https:\/\/api.w.org\/{rel}","templated":true}]}}